{"id":23,"date":"2020-12-04T20:58:12","date_gmt":"2020-12-04T20:58:12","guid":{"rendered":"https:\/\/kosaras-auto.com\/?page_id=23"},"modified":"2020-12-04T21:30:37","modified_gmt":"2020-12-04T21:30:37","slug":"referenciak","status":"publish","type":"page","link":"https:\/\/kosaras-auto.com\/?page_id=23","title":{"rendered":"Referenci\u00e1k"},"content":{"rendered":"\n<p>A t\u00f6bb mint 10 \u00e9ves m\u00faltra visszatekintve a teljess\u00e9g ig\u00e9nye n\u00e9lk\u00fcl n\u00e9h\u00e1ny az&nbsp;<strong>eddigi megrendel<\/strong><strong>\u0151<\/strong><strong>ink&nbsp;<\/strong>k\u00f6z\u00fcl:<\/p>\n\n\n\n<p>\u2013\u00a0<strong>McDonald\u2019s\u00a0<\/strong>magyarorsz\u00e1gi h\u00e1l\u00f3zata <br>\u2013\u00a0<strong>Burger King\u00a0<\/strong>magyarorsz\u00e1gi h\u00e1l\u00f3zata<br> \u2013\u00a0<strong>ELM\u0170<br>\u2013 OVIT<\/strong><br><strong>\u2013 MAVIR<br>\u2013 BDK\u00a0<\/strong>legk\u00fcl\u00f6nf\u00e9l\u00e9bb munkater\u00fcletei.<br><strong>\u2013 K\u00f6zvil\u00e1g\u00edt\u00e1s<\/strong>,\u00a0<strong>t\u00e9rvil\u00e1g\u00edt\u00e1s\u00a0<\/strong>\u00e9s\u00a0<strong>vagyonv\u00e9delmi rendszerek\u00a0<\/strong>ki\u00e9p\u00edt\u00e9s\u00e9ben val\u00f3 r\u00e9szv\u00e9tel.<br>\u2013\u00a0<strong>Anna Pressz\u00f3\u00a0<\/strong>V\u00e1ci utca<br>\u2013\u00a0<strong>RedBull Air Race\u00a0<\/strong>Budapest<\/p>\n\n\n\n<div class=\"wp-block-image\"><figure class=\"alignleft size-large is-resized\"><img loading=\"lazy\" decoding=\"async\" src=\"https:\/\/kosaras-auto.com\/wp-content\/uploads\/2020\/12\/Untitled-Scanned-05_2_cut-530x1024-1.jpg\" alt=\"\" class=\"wp-image-37\" width=\"278\" height=\"537\" srcset=\"https:\/\/kosaras-auto.com\/wp-content\/uploads\/2020\/12\/Untitled-Scanned-05_2_cut-530x1024-1.jpg 530w, https:\/\/kosaras-auto.com\/wp-content\/uploads\/2020\/12\/Untitled-Scanned-05_2_cut-530x1024-1-155x300.jpg 155w\" sizes=\"(max-width: 278px) 100vw, 278px\" \/><\/figure><\/div>\n","protected":false},"excerpt":{"rendered":"<p>A t\u00f6bb mint 10 \u00e9ves m\u00faltra visszatekintve a teljess\u00e9g ig\u00e9nye n\u00e9lk\u00fcl n\u00e9h\u00e1ny az&nbsp;eddigi megrendel\u0151ink&nbsp;k\u00f6z\u00fcl: \u2013\u00a0McDonald\u2019s\u00a0magyarorsz\u00e1gi h\u00e1l\u00f3zata \u2013\u00a0Burger King\u00a0magyarorsz\u00e1gi h\u00e1l\u00f3zata \u2013\u00a0ELM\u0170\u2013 OVIT\u2013 MAVIR\u2013 BDK\u00a0legk\u00fcl\u00f6nf\u00e9l\u00e9bb munkater\u00fcletei.\u2013 K\u00f6zvil\u00e1g\u00edt\u00e1s,\u00a0t\u00e9rvil\u00e1g\u00edt\u00e1s\u00a0\u00e9s\u00a0vagyonv\u00e9delmi rendszerek\u00a0ki\u00e9p\u00edt\u00e9s\u00e9ben val\u00f3 r\u00e9szv\u00e9tel.\u2013\u00a0Anna Pressz\u00f3\u00a0V\u00e1ci utca\u2013\u00a0RedBull Air Race\u00a0Budapest<\/p>\n","protected":false},"author":1,"featured_media":0,"parent":0,"menu_order":0,"comment_status":"closed","ping_status":"closed","template":"","meta":{"footnotes":""},"class_list":["post-23","page","type-page","status-publish","hentry"],"yoast_head":"<!-- This site is optimized with the Yoast SEO plugin v25.6 - https:\/\/yoast.com\/wordpress\/plugins\/seo\/ -->\n<title>Referenci\u00e1k - Kosaras Aut\u00f3<\/title>\n<meta name=\"robots\" content=\"index, follow, max-snippet:-1, max-image-preview:large, max-video-preview:-1\" \/>\n<link rel=\"canonical\" href=\"https:\/\/kosaras-auto.com\/?page_id=23\" \/>\n<meta property=\"og:locale\" content=\"hu_HU\" \/>\n<meta property=\"og:type\" content=\"article\" \/>\n<meta property=\"og:title\" content=\"Referenci\u00e1k - Kosaras Aut\u00f3\" \/>\n<meta property=\"og:description\" content=\"A t\u00f6bb mint 10 \u00e9ves m\u00faltra visszatekintve a teljess\u00e9g ig\u00e9nye n\u00e9lk\u00fcl n\u00e9h\u00e1ny az&nbsp;eddigi megrendel\u0151ink&nbsp;k\u00f6z\u00fcl: \u2013\u00a0McDonald\u2019s\u00a0magyarorsz\u00e1gi h\u00e1l\u00f3zata \u2013\u00a0Burger King\u00a0magyarorsz\u00e1gi h\u00e1l\u00f3zata \u2013\u00a0ELM\u0170\u2013 OVIT\u2013 MAVIR\u2013 BDK\u00a0legk\u00fcl\u00f6nf\u00e9l\u00e9bb munkater\u00fcletei.\u2013 K\u00f6zvil\u00e1g\u00edt\u00e1s,\u00a0t\u00e9rvil\u00e1g\u00edt\u00e1s\u00a0\u00e9s\u00a0vagyonv\u00e9delmi rendszerek\u00a0ki\u00e9p\u00edt\u00e9s\u00e9ben val\u00f3 r\u00e9szv\u00e9tel.\u2013\u00a0Anna Pressz\u00f3\u00a0V\u00e1ci utca\u2013\u00a0RedBull Air Race\u00a0Budapest\" \/>\n<meta property=\"og:url\" content=\"https:\/\/kosaras-auto.com\/?page_id=23\" \/>\n<meta property=\"og:site_name\" content=\"Kosaras Aut\u00f3\" \/>\n<meta property=\"article:modified_time\" content=\"2020-12-04T21:30:37+00:00\" \/>\n<meta property=\"og:image\" content=\"https:\/\/kosaras-auto.com\/wp-content\/uploads\/2020\/12\/Untitled-Scanned-05_2_cut-530x1024-1.jpg\" \/>\n<meta name=\"twitter:card\" content=\"summary_large_image\" \/>\n<script type=\"application\/ld+json\" class=\"yoast-schema-graph\">{\"@context\":\"https:\/\/schema.org\",\"@graph\":[{\"@type\":\"WebPage\",\"@id\":\"https:\/\/kosaras-auto.com\/?page_id=23\",\"url\":\"https:\/\/kosaras-auto.com\/?page_id=23\",\"name\":\"Referenci\u00e1k - Kosaras Aut\u00f3\",\"isPartOf\":{\"@id\":\"https:\/\/kosaras-auto.com\/#website\"},\"primaryImageOfPage\":{\"@id\":\"https:\/\/kosaras-auto.com\/?page_id=23#primaryimage\"},\"image\":{\"@id\":\"https:\/\/kosaras-auto.com\/?page_id=23#primaryimage\"},\"thumbnailUrl\":\"https:\/\/kosaras-auto.com\/wp-content\/uploads\/2020\/12\/Untitled-Scanned-05_2_cut-530x1024-1.jpg\",\"datePublished\":\"2020-12-04T20:58:12+00:00\",\"dateModified\":\"2020-12-04T21:30:37+00:00\",\"breadcrumb\":{\"@id\":\"https:\/\/kosaras-auto.com\/?page_id=23#breadcrumb\"},\"inLanguage\":\"hu\",\"potentialAction\":[{\"@type\":\"ReadAction\",\"target\":[\"https:\/\/kosaras-auto.com\/?page_id=23\"]}]},{\"@type\":\"ImageObject\",\"inLanguage\":\"hu\",\"@id\":\"https:\/\/kosaras-auto.com\/?page_id=23#primaryimage\",\"url\":\"https:\/\/kosaras-auto.com\/wp-content\/uploads\/2020\/12\/Untitled-Scanned-05_2_cut-530x1024-1.jpg\",\"contentUrl\":\"https:\/\/kosaras-auto.com\/wp-content\/uploads\/2020\/12\/Untitled-Scanned-05_2_cut-530x1024-1.jpg\",\"width\":530,\"height\":1024},{\"@type\":\"BreadcrumbList\",\"@id\":\"https:\/\/kosaras-auto.com\/?page_id=23#breadcrumb\",\"itemListElement\":[{\"@type\":\"ListItem\",\"position\":1,\"name\":\"Home\",\"item\":\"https:\/\/kosaras-auto.com\/\"},{\"@type\":\"ListItem\",\"position\":2,\"name\":\"Referenci\u00e1k\"}]},{\"@type\":\"WebSite\",\"@id\":\"https:\/\/kosaras-auto.com\/#website\",\"url\":\"https:\/\/kosaras-auto.com\/\",\"name\":\"Kosaras Aut\u00f3\",\"description\":\"+36 30\/94224-617\",\"potentialAction\":[{\"@type\":\"SearchAction\",\"target\":{\"@type\":\"EntryPoint\",\"urlTemplate\":\"https:\/\/kosaras-auto.com\/?s={search_term_string}\"},\"query-input\":{\"@type\":\"PropertyValueSpecification\",\"valueRequired\":true,\"valueName\":\"search_term_string\"}}],\"inLanguage\":\"hu\"}]}<\/script>\n<!-- \/ Yoast SEO plugin. -->","yoast_head_json":{"title":"Referenci\u00e1k - Kosaras Aut\u00f3","robots":{"index":"index","follow":"follow","max-snippet":"max-snippet:-1","max-image-preview":"max-image-preview:large","max-video-preview":"max-video-preview:-1"},"canonical":"https:\/\/kosaras-auto.com\/?page_id=23","og_locale":"hu_HU","og_type":"article","og_title":"Referenci\u00e1k - Kosaras Aut\u00f3","og_description":"A t\u00f6bb mint 10 \u00e9ves m\u00faltra visszatekintve a teljess\u00e9g ig\u00e9nye n\u00e9lk\u00fcl n\u00e9h\u00e1ny az&nbsp;eddigi megrendel\u0151ink&nbsp;k\u00f6z\u00fcl: \u2013\u00a0McDonald\u2019s\u00a0magyarorsz\u00e1gi h\u00e1l\u00f3zata \u2013\u00a0Burger King\u00a0magyarorsz\u00e1gi h\u00e1l\u00f3zata \u2013\u00a0ELM\u0170\u2013 OVIT\u2013 MAVIR\u2013 BDK\u00a0legk\u00fcl\u00f6nf\u00e9l\u00e9bb munkater\u00fcletei.\u2013 K\u00f6zvil\u00e1g\u00edt\u00e1s,\u00a0t\u00e9rvil\u00e1g\u00edt\u00e1s\u00a0\u00e9s\u00a0vagyonv\u00e9delmi rendszerek\u00a0ki\u00e9p\u00edt\u00e9s\u00e9ben val\u00f3 r\u00e9szv\u00e9tel.\u2013\u00a0Anna Pressz\u00f3\u00a0V\u00e1ci utca\u2013\u00a0RedBull Air Race\u00a0Budapest","og_url":"https:\/\/kosaras-auto.com\/?page_id=23","og_site_name":"Kosaras Aut\u00f3","article_modified_time":"2020-12-04T21:30:37+00:00","og_image":[{"url":"https:\/\/kosaras-auto.com\/wp-content\/uploads\/2020\/12\/Untitled-Scanned-05_2_cut-530x1024-1.jpg","type":"","width":"","height":""}],"twitter_card":"summary_large_image","schema":{"@context":"https:\/\/schema.org","@graph":[{"@type":"WebPage","@id":"https:\/\/kosaras-auto.com\/?page_id=23","url":"https:\/\/kosaras-auto.com\/?page_id=23","name":"Referenci\u00e1k - Kosaras Aut\u00f3","isPartOf":{"@id":"https:\/\/kosaras-auto.com\/#website"},"primaryImageOfPage":{"@id":"https:\/\/kosaras-auto.com\/?page_id=23#primaryimage"},"image":{"@id":"https:\/\/kosaras-auto.com\/?page_id=23#primaryimage"},"thumbnailUrl":"https:\/\/kosaras-auto.com\/wp-content\/uploads\/2020\/12\/Untitled-Scanned-05_2_cut-530x1024-1.jpg","datePublished":"2020-12-04T20:58:12+00:00","dateModified":"2020-12-04T21:30:37+00:00","breadcrumb":{"@id":"https:\/\/kosaras-auto.com\/?page_id=23#breadcrumb"},"inLanguage":"hu","potentialAction":[{"@type":"ReadAction","target":["https:\/\/kosaras-auto.com\/?page_id=23"]}]},{"@type":"ImageObject","inLanguage":"hu","@id":"https:\/\/kosaras-auto.com\/?page_id=23#primaryimage","url":"https:\/\/kosaras-auto.com\/wp-content\/uploads\/2020\/12\/Untitled-Scanned-05_2_cut-530x1024-1.jpg","contentUrl":"https:\/\/kosaras-auto.com\/wp-content\/uploads\/2020\/12\/Untitled-Scanned-05_2_cut-530x1024-1.jpg","width":530,"height":1024},{"@type":"BreadcrumbList","@id":"https:\/\/kosaras-auto.com\/?page_id=23#breadcrumb","itemListElement":[{"@type":"ListItem","position":1,"name":"Home","item":"https:\/\/kosaras-auto.com\/"},{"@type":"ListItem","position":2,"name":"Referenci\u00e1k"}]},{"@type":"WebSite","@id":"https:\/\/kosaras-auto.com\/#website","url":"https:\/\/kosaras-auto.com\/","name":"Kosaras Aut\u00f3","description":"+36 30\/94224-617","potentialAction":[{"@type":"SearchAction","target":{"@type":"EntryPoint","urlTemplate":"https:\/\/kosaras-auto.com\/?s={search_term_string}"},"query-input":{"@type":"PropertyValueSpecification","valueRequired":true,"valueName":"search_term_string"}}],"inLanguage":"hu"}]}},"jetpack_sharing_enabled":true,"_links":{"self":[{"href":"https:\/\/kosaras-auto.com\/index.php?rest_route=\/wp\/v2\/pages\/23"}],"collection":[{"href":"https:\/\/kosaras-auto.com\/index.php?rest_route=\/wp\/v2\/pages"}],"about":[{"href":"https:\/\/kosaras-auto.com\/index.php?rest_route=\/wp\/v2\/types\/page"}],"author":[{"embeddable":true,"href":"https:\/\/kosaras-auto.com\/index.php?rest_route=\/wp\/v2\/users\/1"}],"replies":[{"embeddable":true,"href":"https:\/\/kosaras-auto.com\/index.php?rest_route=%2Fwp%2Fv2%2Fcomments&post=23"}],"version-history":[{"count":6,"href":"https:\/\/kosaras-auto.com\/index.php?rest_route=\/wp\/v2\/pages\/23\/revisions"}],"predecessor-version":[{"id":57,"href":"https:\/\/kosaras-auto.com\/index.php?rest_route=\/wp\/v2\/pages\/23\/revisions\/57"}],"wp:attachment":[{"href":"https:\/\/kosaras-auto.com\/index.php?rest_route=%2Fwp%2Fv2%2Fmedia&parent=23"}],"curies":[{"name":"wp","href":"https:\/\/api.w.org\/{rel}","templated":true}]}}