{"id":20,"date":"2020-12-04T20:57:14","date_gmt":"2020-12-04T20:57:14","guid":{"rendered":"https:\/\/kosaras-auto.com\/?page_id=20"},"modified":"2020-12-04T20:57:15","modified_gmt":"2020-12-04T20:57:15","slug":"arak","status":"publish","type":"page","link":"https:\/\/kosaras-auto.com\/?page_id=20","title":{"rendered":"\u00c1rak"},"content":{"rendered":"\n<p>A&nbsp;<strong>Mercedes-Ruthmann kosaras aut\u00f3&nbsp;<\/strong>\u00f3rad\u00edja: 7000 Ft. + 27% \u00c1FA. Budapesten a&nbsp;<strong>ki \u00e9s be\u00e1ll\u00e1s k\u00f6lts\u00e9geire 1-1 \u00f3ra&nbsp;<\/strong>d\u00edjat sz\u00e1molunk fel!<\/p>\n\n\n\n<p>H\u00e9tv\u00e9gi, munkasz\u00fcneti napon \u00e9s \u00e9jjel v\u00e9gzett munka, valamint vid\u00e9ki munkav\u00e9gz\u00e9s, (ak\u00e1r ottalv\u00e1ssal is) k\u00fcl\u00f6n meg\u00e1llapod\u00e1s szerint.<\/p>\n","protected":false},"excerpt":{"rendered":"<p>A&nbsp;Mercedes-Ruthmann kosaras aut\u00f3&nbsp;\u00f3rad\u00edja: 7000 Ft. + 27% \u00c1FA. Budapesten a&nbsp;ki \u00e9s be\u00e1ll\u00e1s k\u00f6lts\u00e9geire 1-1 \u00f3ra&nbsp;d\u00edjat sz\u00e1molunk fel! H\u00e9tv\u00e9gi, munkasz\u00fcneti napon \u00e9s \u00e9jjel v\u00e9gzett munka, valamint vid\u00e9ki munkav\u00e9gz\u00e9s, (ak\u00e1r ottalv\u00e1ssal is) k\u00fcl\u00f6n meg\u00e1llapod\u00e1s szerint.<\/p>\n","protected":false},"author":1,"featured_media":0,"parent":0,"menu_order":0,"comment_status":"closed","ping_status":"closed","template":"","meta":{"footnotes":""},"class_list":["post-20","page","type-page","status-publish","hentry"],"yoast_head":"<!-- This site is optimized with the Yoast SEO plugin v25.6 - https:\/\/yoast.com\/wordpress\/plugins\/seo\/ -->\n<title>\u00c1rak - Kosaras Aut\u00f3<\/title>\n<meta name=\"robots\" content=\"index, follow, max-snippet:-1, max-image-preview:large, max-video-preview:-1\" \/>\n<link rel=\"canonical\" href=\"https:\/\/kosaras-auto.com\/?page_id=20\" \/>\n<meta property=\"og:locale\" content=\"hu_HU\" \/>\n<meta property=\"og:type\" content=\"article\" \/>\n<meta property=\"og:title\" content=\"\u00c1rak - Kosaras Aut\u00f3\" \/>\n<meta property=\"og:description\" content=\"A&nbsp;Mercedes-Ruthmann kosaras aut\u00f3&nbsp;\u00f3rad\u00edja: 7000 Ft. + 27% \u00c1FA. Budapesten a&nbsp;ki \u00e9s be\u00e1ll\u00e1s k\u00f6lts\u00e9geire 1-1 \u00f3ra&nbsp;d\u00edjat sz\u00e1molunk fel! H\u00e9tv\u00e9gi, munkasz\u00fcneti napon \u00e9s \u00e9jjel v\u00e9gzett munka, valamint vid\u00e9ki munkav\u00e9gz\u00e9s, (ak\u00e1r ottalv\u00e1ssal is) k\u00fcl\u00f6n meg\u00e1llapod\u00e1s szerint.\" \/>\n<meta property=\"og:url\" content=\"https:\/\/kosaras-auto.com\/?page_id=20\" \/>\n<meta property=\"og:site_name\" content=\"Kosaras Aut\u00f3\" \/>\n<meta property=\"article:modified_time\" content=\"2020-12-04T20:57:15+00:00\" \/>\n<meta name=\"twitter:card\" content=\"summary_large_image\" \/>\n<script type=\"application\/ld+json\" class=\"yoast-schema-graph\">{\"@context\":\"https:\/\/schema.org\",\"@graph\":[{\"@type\":\"WebPage\",\"@id\":\"https:\/\/kosaras-auto.com\/?page_id=20\",\"url\":\"https:\/\/kosaras-auto.com\/?page_id=20\",\"name\":\"\u00c1rak - Kosaras Aut\u00f3\",\"isPartOf\":{\"@id\":\"https:\/\/kosaras-auto.com\/#website\"},\"datePublished\":\"2020-12-04T20:57:14+00:00\",\"dateModified\":\"2020-12-04T20:57:15+00:00\",\"breadcrumb\":{\"@id\":\"https:\/\/kosaras-auto.com\/?page_id=20#breadcrumb\"},\"inLanguage\":\"hu\",\"potentialAction\":[{\"@type\":\"ReadAction\",\"target\":[\"https:\/\/kosaras-auto.com\/?page_id=20\"]}]},{\"@type\":\"BreadcrumbList\",\"@id\":\"https:\/\/kosaras-auto.com\/?page_id=20#breadcrumb\",\"itemListElement\":[{\"@type\":\"ListItem\",\"position\":1,\"name\":\"Home\",\"item\":\"https:\/\/kosaras-auto.com\/\"},{\"@type\":\"ListItem\",\"position\":2,\"name\":\"\u00c1rak\"}]},{\"@type\":\"WebSite\",\"@id\":\"https:\/\/kosaras-auto.com\/#website\",\"url\":\"https:\/\/kosaras-auto.com\/\",\"name\":\"Kosaras Aut\u00f3\",\"description\":\"+36 30\/94224-617\",\"potentialAction\":[{\"@type\":\"SearchAction\",\"target\":{\"@type\":\"EntryPoint\",\"urlTemplate\":\"https:\/\/kosaras-auto.com\/?s={search_term_string}\"},\"query-input\":{\"@type\":\"PropertyValueSpecification\",\"valueRequired\":true,\"valueName\":\"search_term_string\"}}],\"inLanguage\":\"hu\"}]}<\/script>\n<!-- \/ Yoast SEO plugin. -->","yoast_head_json":{"title":"\u00c1rak - Kosaras Aut\u00f3","robots":{"index":"index","follow":"follow","max-snippet":"max-snippet:-1","max-image-preview":"max-image-preview:large","max-video-preview":"max-video-preview:-1"},"canonical":"https:\/\/kosaras-auto.com\/?page_id=20","og_locale":"hu_HU","og_type":"article","og_title":"\u00c1rak - Kosaras Aut\u00f3","og_description":"A&nbsp;Mercedes-Ruthmann kosaras aut\u00f3&nbsp;\u00f3rad\u00edja: 7000 Ft. + 27% \u00c1FA. Budapesten a&nbsp;ki \u00e9s be\u00e1ll\u00e1s k\u00f6lts\u00e9geire 1-1 \u00f3ra&nbsp;d\u00edjat sz\u00e1molunk fel! H\u00e9tv\u00e9gi, munkasz\u00fcneti napon \u00e9s \u00e9jjel v\u00e9gzett munka, valamint vid\u00e9ki munkav\u00e9gz\u00e9s, (ak\u00e1r ottalv\u00e1ssal is) k\u00fcl\u00f6n meg\u00e1llapod\u00e1s szerint.","og_url":"https:\/\/kosaras-auto.com\/?page_id=20","og_site_name":"Kosaras Aut\u00f3","article_modified_time":"2020-12-04T20:57:15+00:00","twitter_card":"summary_large_image","schema":{"@context":"https:\/\/schema.org","@graph":[{"@type":"WebPage","@id":"https:\/\/kosaras-auto.com\/?page_id=20","url":"https:\/\/kosaras-auto.com\/?page_id=20","name":"\u00c1rak - Kosaras Aut\u00f3","isPartOf":{"@id":"https:\/\/kosaras-auto.com\/#website"},"datePublished":"2020-12-04T20:57:14+00:00","dateModified":"2020-12-04T20:57:15+00:00","breadcrumb":{"@id":"https:\/\/kosaras-auto.com\/?page_id=20#breadcrumb"},"inLanguage":"hu","potentialAction":[{"@type":"ReadAction","target":["https:\/\/kosaras-auto.com\/?page_id=20"]}]},{"@type":"BreadcrumbList","@id":"https:\/\/kosaras-auto.com\/?page_id=20#breadcrumb","itemListElement":[{"@type":"ListItem","position":1,"name":"Home","item":"https:\/\/kosaras-auto.com\/"},{"@type":"ListItem","position":2,"name":"\u00c1rak"}]},{"@type":"WebSite","@id":"https:\/\/kosaras-auto.com\/#website","url":"https:\/\/kosaras-auto.com\/","name":"Kosaras Aut\u00f3","description":"+36 30\/94224-617","potentialAction":[{"@type":"SearchAction","target":{"@type":"EntryPoint","urlTemplate":"https:\/\/kosaras-auto.com\/?s={search_term_string}"},"query-input":{"@type":"PropertyValueSpecification","valueRequired":true,"valueName":"search_term_string"}}],"inLanguage":"hu"}]}},"jetpack_sharing_enabled":true,"_links":{"self":[{"href":"https:\/\/kosaras-auto.com\/index.php?rest_route=\/wp\/v2\/pages\/20"}],"collection":[{"href":"https:\/\/kosaras-auto.com\/index.php?rest_route=\/wp\/v2\/pages"}],"about":[{"href":"https:\/\/kosaras-auto.com\/index.php?rest_route=\/wp\/v2\/types\/page"}],"author":[{"embeddable":true,"href":"https:\/\/kosaras-auto.com\/index.php?rest_route=\/wp\/v2\/users\/1"}],"replies":[{"embeddable":true,"href":"https:\/\/kosaras-auto.com\/index.php?rest_route=%2Fwp%2Fv2%2Fcomments&post=20"}],"version-history":[{"count":1,"href":"https:\/\/kosaras-auto.com\/index.php?rest_route=\/wp\/v2\/pages\/20\/revisions"}],"predecessor-version":[{"id":21,"href":"https:\/\/kosaras-auto.com\/index.php?rest_route=\/wp\/v2\/pages\/20\/revisions\/21"}],"wp:attachment":[{"href":"https:\/\/kosaras-auto.com\/index.php?rest_route=%2Fwp%2Fv2%2Fmedia&parent=20"}],"curies":[{"name":"wp","href":"https:\/\/api.w.org\/{rel}","templated":true}]}}