{"id":12,"date":"2020-12-04T20:55:09","date_gmt":"2020-12-04T20:55:09","guid":{"rendered":"https:\/\/kosaras-auto.com\/?page_id=12"},"modified":"2020-12-04T21:10:15","modified_gmt":"2020-12-04T21:10:15","slug":"extra-ajanlat","status":"publish","type":"page","link":"https:\/\/kosaras-auto.com\/?page_id=12","title":{"rendered":"Extra aj\u00e1nlat"},"content":{"rendered":"\n<p>Lehet\u0151s\u00e9get k\u00edn\u00e1lunk arra, hogy ig\u00e9ny szerint k\u00fcl\u00f6n megrendel\u00e9sre&nbsp;<strong>a kezel<\/strong><strong>\u0151<\/strong><strong>szem\u00e9lyzeten fel\u00fcl<\/strong>, villanyszerel\u0151i, h\u00e1l\u00f3zatszerel\u0151i,&nbsp;<strong>FAM vizsg\u00e1val<\/strong>, valamint az<strong>ELM<\/strong><strong>\u0170&nbsp;<\/strong>m\u0171k\u00f6d\u00e9si&nbsp;<strong>ter\u00fclet\u00e9n&nbsp;<\/strong>v\u00e9gzend\u0151&nbsp;munkav\u00e9gz\u00e9shez&nbsp;<strong>megk\u00f6vetelt min<\/strong><strong>\u0151<\/strong><strong>s\u00edt\u00e9ssel&nbsp;<\/strong>\u00e9s szem\u00e9lyenk\u00e9nti&nbsp;<strong>\u201csafetypassport\u201d-al&nbsp;<\/strong>rendelkez\u0151&nbsp;munkat\u00e1rsakat is rendelkez\u00e9sre tudunk bocs\u00e1jtani.<\/p>\n\n\n\n<p>V\u00e1llaljuk tov\u00e1bb\u00e1 k\u00fcl\u00f6nb\u00f6z\u0151&nbsp;<strong>elektromos berendez\u00e9sek&nbsp;<\/strong>\u00e9s&nbsp;<strong>rendszerek&nbsp;<\/strong>teljesk\u00f6r\u0171&nbsp;<strong>kivitelez\u00e9s\u00e9t, tervez\u00e9ssel,<\/strong><\/p>\n\n\n\n<p><strong>enged\u00e9lyeztet\u00e9si proced\u00far\u00e1val egy\u00fctt<\/strong>, vagy ak\u00e1r csak&nbsp;<strong>r\u00e9szfeladatokat is<\/strong>. \u00c9rint\u00e9sv\u00e9delmi fel\u00fclvizsg\u00e1latokat, vill\u00e1mh\u00e1r\u00edt\u00f3 rendszerek ellen\u0151rz\u00e9s\u00e9t, valamint a&nbsp;<strong>T\u00dcV Rheinland alv\u00e1llalkoz\u00f3jak\u00e9nt&nbsp;<\/strong>mindennem\u0171&nbsp;<strong>elektromos szak \u00e9s fel\u00fclvizsg\u00e1lat<\/strong>elv\u00e9gz\u00e9s\u00e9t.<\/p>\n\n\n\n<p>Munkat\u00e1rsaink az&nbsp;<strong>ISO 9001:2001<\/strong>,&nbsp;<strong>ISO 9001:2009&nbsp;<\/strong>Mi\u0151s\u00e9g\u00fcgyi&nbsp;<strong>management system<\/strong>, valamint az&nbsp;<strong>ISO 14001:2005&nbsp;<\/strong>K\u00f6rnyezetir\u00e1ny\u00edt\u00e1si rendszer el\u0151\u00edr\u00e1sai alapj\u00e1n v\u00e9gzik munk\u00e1jukat.<\/p>\n\n\n\n<figure class=\"wp-block-image size-large\"><img loading=\"lazy\" decoding=\"async\" width=\"300\" height=\"201\" src=\"https:\/\/kosaras-auto.com\/wp-content\/uploads\/2020\/12\/Untitled-Scanned-10_3-300x201-1.jpg\" alt=\"\" class=\"wp-image-35\"\/><\/figure>\n","protected":false},"excerpt":{"rendered":"<p>Lehet\u0151s\u00e9get k\u00edn\u00e1lunk arra, hogy ig\u00e9ny szerint k\u00fcl\u00f6n megrendel\u00e9sre&nbsp;a kezel\u0151szem\u00e9lyzeten fel\u00fcl, villanyszerel\u0151i, h\u00e1l\u00f3zatszerel\u0151i,&nbsp;FAM vizsg\u00e1val, valamint azELM\u0170&nbsp;m\u0171k\u00f6d\u00e9si&nbsp;ter\u00fclet\u00e9n&nbsp;v\u00e9gzend\u0151&nbsp;munkav\u00e9gz\u00e9shez&nbsp;megk\u00f6vetelt min\u0151s\u00edt\u00e9ssel&nbsp;\u00e9s szem\u00e9lyenk\u00e9nti&nbsp;\u201csafetypassport\u201d-al&nbsp;rendelkez\u0151&nbsp;munkat\u00e1rsakat is rendelkez\u00e9sre tudunk bocs\u00e1jtani. V\u00e1llaljuk tov\u00e1bb\u00e1 k\u00fcl\u00f6nb\u00f6z\u0151&nbsp;elektromos berendez\u00e9sek&nbsp;\u00e9s&nbsp;rendszerek&nbsp;teljesk\u00f6r\u0171&nbsp;kivitelez\u00e9s\u00e9t, tervez\u00e9ssel, enged\u00e9lyeztet\u00e9si proced\u00far\u00e1val egy\u00fctt, vagy ak\u00e1r csak&nbsp;r\u00e9szfeladatokat is. \u00c9rint\u00e9sv\u00e9delmi fel\u00fclvizsg\u00e1latokat, vill\u00e1mh\u00e1r\u00edt\u00f3 rendszerek ellen\u0151rz\u00e9s\u00e9t, valamint a&nbsp;T\u00dcV Rheinland alv\u00e1llalkoz\u00f3jak\u00e9nt&nbsp;mindennem\u0171&nbsp;elektromos szak \u00e9s fel\u00fclvizsg\u00e1latelv\u00e9gz\u00e9s\u00e9t. Munkat\u00e1rsaink az&nbsp;ISO 9001:2001,&nbsp;ISO 9001:2009&nbsp;Mi\u0151s\u00e9g\u00fcgyi&nbsp;management system, valamint az&nbsp;ISO 14001:2005&nbsp;K\u00f6rnyezetir\u00e1ny\u00edt\u00e1si rendszer el\u0151\u00edr\u00e1sai &hellip; <\/p>\n<p class=\"link-more\"><a href=\"https:\/\/kosaras-auto.com\/?page_id=12\" class=\"more-link\"><span class=\"screen-reader-text\">&#8222;Extra aj\u00e1nlat&#8221;<\/span> b\u0151vebben<\/a><\/p>\n","protected":false},"author":1,"featured_media":0,"parent":0,"menu_order":0,"comment_status":"closed","ping_status":"closed","template":"","meta":{"footnotes":""},"class_list":["post-12","page","type-page","status-publish","hentry"],"yoast_head":"<!-- This site is optimized with the Yoast SEO plugin v25.6 - https:\/\/yoast.com\/wordpress\/plugins\/seo\/ -->\n<title>Extra aj\u00e1nlat - Kosaras Aut\u00f3<\/title>\n<meta name=\"robots\" content=\"index, follow, max-snippet:-1, max-image-preview:large, max-video-preview:-1\" \/>\n<link rel=\"canonical\" href=\"https:\/\/kosaras-auto.com\/?page_id=12\" \/>\n<meta property=\"og:locale\" content=\"hu_HU\" \/>\n<meta property=\"og:type\" content=\"article\" \/>\n<meta property=\"og:title\" content=\"Extra aj\u00e1nlat - Kosaras Aut\u00f3\" \/>\n<meta property=\"og:description\" content=\"Lehet\u0151s\u00e9get k\u00edn\u00e1lunk arra, hogy ig\u00e9ny szerint k\u00fcl\u00f6n megrendel\u00e9sre&nbsp;a kezel\u0151szem\u00e9lyzeten fel\u00fcl, villanyszerel\u0151i, h\u00e1l\u00f3zatszerel\u0151i,&nbsp;FAM vizsg\u00e1val, valamint azELM\u0170&nbsp;m\u0171k\u00f6d\u00e9si&nbsp;ter\u00fclet\u00e9n&nbsp;v\u00e9gzend\u0151&nbsp;munkav\u00e9gz\u00e9shez&nbsp;megk\u00f6vetelt min\u0151s\u00edt\u00e9ssel&nbsp;\u00e9s szem\u00e9lyenk\u00e9nti&nbsp;\u201csafetypassport\u201d-al&nbsp;rendelkez\u0151&nbsp;munkat\u00e1rsakat is rendelkez\u00e9sre tudunk bocs\u00e1jtani. V\u00e1llaljuk tov\u00e1bb\u00e1 k\u00fcl\u00f6nb\u00f6z\u0151&nbsp;elektromos berendez\u00e9sek&nbsp;\u00e9s&nbsp;rendszerek&nbsp;teljesk\u00f6r\u0171&nbsp;kivitelez\u00e9s\u00e9t, tervez\u00e9ssel, enged\u00e9lyeztet\u00e9si proced\u00far\u00e1val egy\u00fctt, vagy ak\u00e1r csak&nbsp;r\u00e9szfeladatokat is. \u00c9rint\u00e9sv\u00e9delmi fel\u00fclvizsg\u00e1latokat, vill\u00e1mh\u00e1r\u00edt\u00f3 rendszerek ellen\u0151rz\u00e9s\u00e9t, valamint a&nbsp;T\u00dcV Rheinland alv\u00e1llalkoz\u00f3jak\u00e9nt&nbsp;mindennem\u0171&nbsp;elektromos szak \u00e9s fel\u00fclvizsg\u00e1latelv\u00e9gz\u00e9s\u00e9t. Munkat\u00e1rsaink az&nbsp;ISO 9001:2001,&nbsp;ISO 9001:2009&nbsp;Mi\u0151s\u00e9g\u00fcgyi&nbsp;management system, valamint az&nbsp;ISO 14001:2005&nbsp;K\u00f6rnyezetir\u00e1ny\u00edt\u00e1si rendszer el\u0151\u00edr\u00e1sai &hellip; &quot;Extra aj\u00e1nlat&quot; b\u0151vebben\" \/>\n<meta property=\"og:url\" content=\"https:\/\/kosaras-auto.com\/?page_id=12\" \/>\n<meta property=\"og:site_name\" content=\"Kosaras Aut\u00f3\" \/>\n<meta property=\"article:modified_time\" content=\"2020-12-04T21:10:15+00:00\" \/>\n<meta property=\"og:image\" content=\"https:\/\/kosaras-auto.com\/wp-content\/uploads\/2020\/12\/Untitled-Scanned-10_3-300x201-1.jpg\" \/>\n<meta name=\"twitter:card\" content=\"summary_large_image\" \/>\n<meta name=\"twitter:label1\" content=\"Becs\u00fclt olvas\u00e1si id\u0151\" \/>\n\t<meta name=\"twitter:data1\" content=\"1 perc\" \/>\n<script type=\"application\/ld+json\" class=\"yoast-schema-graph\">{\"@context\":\"https:\/\/schema.org\",\"@graph\":[{\"@type\":\"WebPage\",\"@id\":\"https:\/\/kosaras-auto.com\/?page_id=12\",\"url\":\"https:\/\/kosaras-auto.com\/?page_id=12\",\"name\":\"Extra aj\u00e1nlat - Kosaras Aut\u00f3\",\"isPartOf\":{\"@id\":\"https:\/\/kosaras-auto.com\/#website\"},\"primaryImageOfPage\":{\"@id\":\"https:\/\/kosaras-auto.com\/?page_id=12#primaryimage\"},\"image\":{\"@id\":\"https:\/\/kosaras-auto.com\/?page_id=12#primaryimage\"},\"thumbnailUrl\":\"https:\/\/kosaras-auto.com\/wp-content\/uploads\/2020\/12\/Untitled-Scanned-10_3-300x201-1.jpg\",\"datePublished\":\"2020-12-04T20:55:09+00:00\",\"dateModified\":\"2020-12-04T21:10:15+00:00\",\"breadcrumb\":{\"@id\":\"https:\/\/kosaras-auto.com\/?page_id=12#breadcrumb\"},\"inLanguage\":\"hu\",\"potentialAction\":[{\"@type\":\"ReadAction\",\"target\":[\"https:\/\/kosaras-auto.com\/?page_id=12\"]}]},{\"@type\":\"ImageObject\",\"inLanguage\":\"hu\",\"@id\":\"https:\/\/kosaras-auto.com\/?page_id=12#primaryimage\",\"url\":\"https:\/\/kosaras-auto.com\/wp-content\/uploads\/2020\/12\/Untitled-Scanned-10_3-300x201-1.jpg\",\"contentUrl\":\"https:\/\/kosaras-auto.com\/wp-content\/uploads\/2020\/12\/Untitled-Scanned-10_3-300x201-1.jpg\",\"width\":300,\"height\":201},{\"@type\":\"BreadcrumbList\",\"@id\":\"https:\/\/kosaras-auto.com\/?page_id=12#breadcrumb\",\"itemListElement\":[{\"@type\":\"ListItem\",\"position\":1,\"name\":\"Home\",\"item\":\"https:\/\/kosaras-auto.com\/\"},{\"@type\":\"ListItem\",\"position\":2,\"name\":\"Extra aj\u00e1nlat\"}]},{\"@type\":\"WebSite\",\"@id\":\"https:\/\/kosaras-auto.com\/#website\",\"url\":\"https:\/\/kosaras-auto.com\/\",\"name\":\"Kosaras Aut\u00f3\",\"description\":\"+36 30\/94224-617\",\"potentialAction\":[{\"@type\":\"SearchAction\",\"target\":{\"@type\":\"EntryPoint\",\"urlTemplate\":\"https:\/\/kosaras-auto.com\/?s={search_term_string}\"},\"query-input\":{\"@type\":\"PropertyValueSpecification\",\"valueRequired\":true,\"valueName\":\"search_term_string\"}}],\"inLanguage\":\"hu\"}]}<\/script>\n<!-- \/ Yoast SEO plugin. -->","yoast_head_json":{"title":"Extra aj\u00e1nlat - Kosaras Aut\u00f3","robots":{"index":"index","follow":"follow","max-snippet":"max-snippet:-1","max-image-preview":"max-image-preview:large","max-video-preview":"max-video-preview:-1"},"canonical":"https:\/\/kosaras-auto.com\/?page_id=12","og_locale":"hu_HU","og_type":"article","og_title":"Extra aj\u00e1nlat - Kosaras Aut\u00f3","og_description":"Lehet\u0151s\u00e9get k\u00edn\u00e1lunk arra, hogy ig\u00e9ny szerint k\u00fcl\u00f6n megrendel\u00e9sre&nbsp;a kezel\u0151szem\u00e9lyzeten fel\u00fcl, villanyszerel\u0151i, h\u00e1l\u00f3zatszerel\u0151i,&nbsp;FAM vizsg\u00e1val, valamint azELM\u0170&nbsp;m\u0171k\u00f6d\u00e9si&nbsp;ter\u00fclet\u00e9n&nbsp;v\u00e9gzend\u0151&nbsp;munkav\u00e9gz\u00e9shez&nbsp;megk\u00f6vetelt min\u0151s\u00edt\u00e9ssel&nbsp;\u00e9s szem\u00e9lyenk\u00e9nti&nbsp;\u201csafetypassport\u201d-al&nbsp;rendelkez\u0151&nbsp;munkat\u00e1rsakat is rendelkez\u00e9sre tudunk bocs\u00e1jtani. V\u00e1llaljuk tov\u00e1bb\u00e1 k\u00fcl\u00f6nb\u00f6z\u0151&nbsp;elektromos berendez\u00e9sek&nbsp;\u00e9s&nbsp;rendszerek&nbsp;teljesk\u00f6r\u0171&nbsp;kivitelez\u00e9s\u00e9t, tervez\u00e9ssel, enged\u00e9lyeztet\u00e9si proced\u00far\u00e1val egy\u00fctt, vagy ak\u00e1r csak&nbsp;r\u00e9szfeladatokat is. \u00c9rint\u00e9sv\u00e9delmi fel\u00fclvizsg\u00e1latokat, vill\u00e1mh\u00e1r\u00edt\u00f3 rendszerek ellen\u0151rz\u00e9s\u00e9t, valamint a&nbsp;T\u00dcV Rheinland alv\u00e1llalkoz\u00f3jak\u00e9nt&nbsp;mindennem\u0171&nbsp;elektromos szak \u00e9s fel\u00fclvizsg\u00e1latelv\u00e9gz\u00e9s\u00e9t. Munkat\u00e1rsaink az&nbsp;ISO 9001:2001,&nbsp;ISO 9001:2009&nbsp;Mi\u0151s\u00e9g\u00fcgyi&nbsp;management system, valamint az&nbsp;ISO 14001:2005&nbsp;K\u00f6rnyezetir\u00e1ny\u00edt\u00e1si rendszer el\u0151\u00edr\u00e1sai &hellip; \"Extra aj\u00e1nlat\" b\u0151vebben","og_url":"https:\/\/kosaras-auto.com\/?page_id=12","og_site_name":"Kosaras Aut\u00f3","article_modified_time":"2020-12-04T21:10:15+00:00","og_image":[{"url":"https:\/\/kosaras-auto.com\/wp-content\/uploads\/2020\/12\/Untitled-Scanned-10_3-300x201-1.jpg","type":"","width":"","height":""}],"twitter_card":"summary_large_image","twitter_misc":{"Becs\u00fclt olvas\u00e1si id\u0151":"1 perc"},"schema":{"@context":"https:\/\/schema.org","@graph":[{"@type":"WebPage","@id":"https:\/\/kosaras-auto.com\/?page_id=12","url":"https:\/\/kosaras-auto.com\/?page_id=12","name":"Extra aj\u00e1nlat - Kosaras Aut\u00f3","isPartOf":{"@id":"https:\/\/kosaras-auto.com\/#website"},"primaryImageOfPage":{"@id":"https:\/\/kosaras-auto.com\/?page_id=12#primaryimage"},"image":{"@id":"https:\/\/kosaras-auto.com\/?page_id=12#primaryimage"},"thumbnailUrl":"https:\/\/kosaras-auto.com\/wp-content\/uploads\/2020\/12\/Untitled-Scanned-10_3-300x201-1.jpg","datePublished":"2020-12-04T20:55:09+00:00","dateModified":"2020-12-04T21:10:15+00:00","breadcrumb":{"@id":"https:\/\/kosaras-auto.com\/?page_id=12#breadcrumb"},"inLanguage":"hu","potentialAction":[{"@type":"ReadAction","target":["https:\/\/kosaras-auto.com\/?page_id=12"]}]},{"@type":"ImageObject","inLanguage":"hu","@id":"https:\/\/kosaras-auto.com\/?page_id=12#primaryimage","url":"https:\/\/kosaras-auto.com\/wp-content\/uploads\/2020\/12\/Untitled-Scanned-10_3-300x201-1.jpg","contentUrl":"https:\/\/kosaras-auto.com\/wp-content\/uploads\/2020\/12\/Untitled-Scanned-10_3-300x201-1.jpg","width":300,"height":201},{"@type":"BreadcrumbList","@id":"https:\/\/kosaras-auto.com\/?page_id=12#breadcrumb","itemListElement":[{"@type":"ListItem","position":1,"name":"Home","item":"https:\/\/kosaras-auto.com\/"},{"@type":"ListItem","position":2,"name":"Extra aj\u00e1nlat"}]},{"@type":"WebSite","@id":"https:\/\/kosaras-auto.com\/#website","url":"https:\/\/kosaras-auto.com\/","name":"Kosaras Aut\u00f3","description":"+36 30\/94224-617","potentialAction":[{"@type":"SearchAction","target":{"@type":"EntryPoint","urlTemplate":"https:\/\/kosaras-auto.com\/?s={search_term_string}"},"query-input":{"@type":"PropertyValueSpecification","valueRequired":true,"valueName":"search_term_string"}}],"inLanguage":"hu"}]}},"jetpack_sharing_enabled":true,"_links":{"self":[{"href":"https:\/\/kosaras-auto.com\/index.php?rest_route=\/wp\/v2\/pages\/12"}],"collection":[{"href":"https:\/\/kosaras-auto.com\/index.php?rest_route=\/wp\/v2\/pages"}],"about":[{"href":"https:\/\/kosaras-auto.com\/index.php?rest_route=\/wp\/v2\/types\/page"}],"author":[{"embeddable":true,"href":"https:\/\/kosaras-auto.com\/index.php?rest_route=\/wp\/v2\/users\/1"}],"replies":[{"embeddable":true,"href":"https:\/\/kosaras-auto.com\/index.php?rest_route=%2Fwp%2Fv2%2Fcomments&post=12"}],"version-history":[{"count":2,"href":"https:\/\/kosaras-auto.com\/index.php?rest_route=\/wp\/v2\/pages\/12\/revisions"}],"predecessor-version":[{"id":36,"href":"https:\/\/kosaras-auto.com\/index.php?rest_route=\/wp\/v2\/pages\/12\/revisions\/36"}],"wp:attachment":[{"href":"https:\/\/kosaras-auto.com\/index.php?rest_route=%2Fwp%2Fv2%2Fmedia&parent=12"}],"curies":[{"name":"wp","href":"https:\/\/api.w.org\/{rel}","templated":true}]}}